{"id":542,"date":"2011-07-21T22:03:34","date_gmt":"2011-07-21T20:03:34","guid":{"rendered":"http:\/\/www.amstramgram-dissay.fr\/creche\/?page_id=542"},"modified":"2016-10-03T12:50:58","modified_gmt":"2016-10-03T10:50:58","slug":"acces-adherents","status":"publish","type":"page","link":"http:\/\/karabouille.com\/creche\/acces-adherents\/","title":{"rendered":"Acc\u00e8s adh\u00e9rents"},"content":{"rendered":"<p>Je vous informe que l&rsquo;espace adh\u00e9rent est d\u00e9di\u00e9 exclusivement aux parents de la cr\u00e8che Karabouille.<\/p>\n<p>Toutes les informations et m\u00e9dias pr\u00e9sents sur le site internet \u00e0 l&rsquo;espace \u00ab\u00a0adh\u00e9rent\u00a0\u00bbsont uniquement accessibles apr\u00e8s la saisie du mot de passe qui vous sera communiqu\u00e9 par la Directrice.<\/p>\n<p>Pour prot\u00e9ger les photos pr\u00e9sentes \u00e0 l&rsquo;espace \u00ab\u00a0adh\u00e9rent\u00a0\u00bb, nous vous demandons de ne pas divulguer le mot de passe qui est strictement confidentiel et d&rsquo;utiliser les photos uniquement pour un usage personnel.<\/p>\n<p>Je compte sur votre compr\u00e9hension pour l&rsquo;int\u00e9r\u00eat de tous.<\/p>\n<p>Le webmaster karabouille<\/p>\n<p>&nbsp;<\/p>\n","protected":false},"excerpt":{"rendered":"<p>Je vous informe que l&rsquo;espace adh\u00e9rent est d\u00e9di\u00e9 exclusivement aux parents de la cr\u00e8che Karabouille. Toutes les informations et m\u00e9dias pr\u00e9sents sur le site internet \u00e0 l&rsquo;espace \u00ab\u00a0adh\u00e9rent\u00a0\u00bbsont uniquement accessibles apr\u00e8s la saisie du mot de passe qui vous sera communiqu\u00e9 par la Directrice. Pour prot\u00e9ger les photos pr\u00e9sentes \u00e0 l&rsquo;espace \u00ab\u00a0adh\u00e9rent\u00a0\u00bb, nous vous demandons [&hellip;]<\/p>\n","protected":false},"author":1,"featured_media":0,"parent":0,"menu_order":6,"comment_status":"closed","ping_status":"closed","template":"","meta":{"jetpack_post_was_ever_published":false,"footnotes":""},"class_list":["post-542","page","type-page","status-publish","hentry"],"jetpack_shortlink":"https:\/\/wp.me\/P1VzF5-8K","jetpack_sharing_enabled":true,"_links":{"self":[{"href":"http:\/\/karabouille.com\/creche\/wp-json\/wp\/v2\/pages\/542","targetHints":{"allow":["GET"]}}],"collection":[{"href":"http:\/\/karabouille.com\/creche\/wp-json\/wp\/v2\/pages"}],"about":[{"href":"http:\/\/karabouille.com\/creche\/wp-json\/wp\/v2\/types\/page"}],"author":[{"embeddable":true,"href":"http:\/\/karabouille.com\/creche\/wp-json\/wp\/v2\/users\/1"}],"replies":[{"embeddable":true,"href":"http:\/\/karabouille.com\/creche\/wp-json\/wp\/v2\/comments?post=542"}],"version-history":[{"count":16,"href":"http:\/\/karabouille.com\/creche\/wp-json\/wp\/v2\/pages\/542\/revisions"}],"predecessor-version":[{"id":2115,"href":"http:\/\/karabouille.com\/creche\/wp-json\/wp\/v2\/pages\/542\/revisions\/2115"}],"wp:attachment":[{"href":"http:\/\/karabouille.com\/creche\/wp-json\/wp\/v2\/media?parent=542"}],"curies":[{"name":"wp","href":"https:\/\/api.w.org\/{rel}","templated":true}]}}