{"id":3,"date":"2009-07-11T17:55:33","date_gmt":"2009-07-11T15:55:33","guid":{"rendered":"http:\/\/www.amstramgram-dissay.fr\/creche\/?page_id=3"},"modified":"2016-10-03T11:57:13","modified_gmt":"2016-10-03T09:57:13","slug":"la-creche","status":"publish","type":"page","link":"http:\/\/karabouille.com\/creche\/la-creche\/","title":{"rendered":"Pr\u00e9sentation"},"content":{"rendered":"<h4>Karabouille : Cr\u00e8che\u00a0Parentale (association loi 1901) sur la commune de DISSAY (86)<\/h4>\n<p>Pour faire face aux demandes de plus en plus nombreuses de places en cr\u00e8che et halte garderie, la cr\u00e8che cr\u00e9\u00e9e en 1992 \u00e0 Dissay, et qui s&rsquo;appelait alors Mille Pattes, a du s&rsquo;agrandir. En 2002, elle s&rsquo; installe dans ses nouveaux locaux situ\u00e9s pr\u00e8s de l&rsquo;\u00e9cole maternelle, gr\u00e2ce au concours de la Communaut\u00e9 de Communes du Val Vert du Clain, de la Ville de Dissay et de la Caisse d&rsquo;Allocations Familiales, elle devient alors Amstramgram. En juillet 2011, le multi-accueil est rebaptis\u00e9 Karabouille.<\/p>\n<p>Depuis son ouverture, Karabouille\u00a0a vu sa surface passer de 90 \u00e0 400 m\u00b2. Elle peut d\u00e9sormais accueillir <strong>35<\/strong> enfants du Val Vert du Clain, du lundi au vendredi de <strong>7h30 \u00e0 18h30<\/strong>. Ainsi, l&rsquo;espace <strong>Pic et Pic<\/strong> re\u00e7oit 20 enfants de 10 semaines \u00e0 2 ans, et l&rsquo;espace <strong>Col\u00e9gram<\/strong>, 15 enfants de 2 ans \u00e0 4 ans.<\/p>\n<h4>Des activit\u00e9s multiples et innovantes<\/h4>\n<p>Tout a \u00e9t\u00e9 mis en place pour que les enfants puissent \u00e9voluer dans un univers adapt\u00e9 \u00e0 leur tranche d&rsquo;\u00e2ge avec des activit\u00e9s multiples \u00e0 l&rsquo;int\u00e9rieur telles que la biblioth\u00e8que et la pataugeoire. Parmi les activit\u00e9s de Karabouille organis\u00e9es par les parents notons aussi le vide grenier petite enfance.<\/p>\n<h4>La \u00ab\u00a0passerelle\u00a0\u00bb<\/h4>\n<p>La sp\u00e9cificit\u00e9 de l&rsquo;espace Colegram est de proposer une \u00ab\u00a0passerelle\u00a0\u00bb avec l&rsquo;\u00e9cole. Il permet \u00e0 l&rsquo;enfant de passer quelques heures dans sa future \u00e9cole. Les enfants ont ainsi une premi\u00e8re approche du rythme scolaire, des r\u00e8gles de vie, de l&rsquo;am\u00e9nagement de l&rsquo;espace. Tout ceci a pour but de faciliter la rentr\u00e9e de septembre qui se fera avec moins de larmes.<\/p>\n","protected":false},"excerpt":{"rendered":"<p>Karabouille : Cr\u00e8che\u00a0Parentale (association loi 1901) sur la commune de DISSAY (86) Pour faire face aux demandes de plus en plus nombreuses de places en cr\u00e8che et halte garderie, la cr\u00e8che cr\u00e9\u00e9e en 1992 \u00e0 Dissay, et qui s&rsquo;appelait alors Mille Pattes, a du s&rsquo;agrandir. En 2002, elle s&rsquo; installe dans ses nouveaux locaux situ\u00e9s [&hellip;]<\/p>\n","protected":false},"author":1,"featured_media":0,"parent":0,"menu_order":1,"comment_status":"closed","ping_status":"closed","template":"","meta":{"jetpack_post_was_ever_published":false,"footnotes":""},"class_list":["post-3","page","type-page","status-publish","hentry"],"jetpack_shortlink":"https:\/\/wp.me\/P1VzF5-3","jetpack_sharing_enabled":true,"_links":{"self":[{"href":"http:\/\/karabouille.com\/creche\/wp-json\/wp\/v2\/pages\/3","targetHints":{"allow":["GET"]}}],"collection":[{"href":"http:\/\/karabouille.com\/creche\/wp-json\/wp\/v2\/pages"}],"about":[{"href":"http:\/\/karabouille.com\/creche\/wp-json\/wp\/v2\/types\/page"}],"author":[{"embeddable":true,"href":"http:\/\/karabouille.com\/creche\/wp-json\/wp\/v2\/users\/1"}],"replies":[{"embeddable":true,"href":"http:\/\/karabouille.com\/creche\/wp-json\/wp\/v2\/comments?post=3"}],"version-history":[{"count":12,"href":"http:\/\/karabouille.com\/creche\/wp-json\/wp\/v2\/pages\/3\/revisions"}],"predecessor-version":[{"id":2098,"href":"http:\/\/karabouille.com\/creche\/wp-json\/wp\/v2\/pages\/3\/revisions\/2098"}],"wp:attachment":[{"href":"http:\/\/karabouille.com\/creche\/wp-json\/wp\/v2\/media?parent=3"}],"curies":[{"name":"wp","href":"https:\/\/api.w.org\/{rel}","templated":true}]}}