{"id":27,"date":"2009-07-12T13:41:08","date_gmt":"2009-07-12T11:41:08","guid":{"rendered":"http:\/\/www.amstramgram-dissay.fr\/creche\/?page_id=27"},"modified":"2011-10-14T14:14:17","modified_gmt":"2011-10-14T12:14:17","slug":"les-statuts","status":"publish","type":"page","link":"http:\/\/karabouille.com\/creche\/la-creche\/les-statuts\/","title":{"rendered":"Les statuts"},"content":{"rendered":"<p style=\"text-align: right;\">Date\u00a0: \u00a0 23\/06\/11<\/p>\n<p><span style=\"text-decoration: underline;\"><strong><em>Article 1 \u2013DENOMINATION<\/em><\/strong><\/span><\/p>\n<p>Il est constitu\u00e9 une association d\u00e9nomm\u00e9e KARABOUILLE. L\u2019association est form\u00e9e par deux composantes d\u00e9nomm\u00e9es \u00ab\u00a0Pic et Pic\u00a0\u00bb et \u00ab\u00a0Col\u00e9gram\u00a0\u00bb. L\u2019association est constitu\u00e9e et r\u00e9gie par la loi du 1<sup>er<\/sup> Juillet 1901 sur la libert\u00e9 d\u2019association.<\/p>\n<p><strong><em>\u00a0<\/em><\/strong><\/p>\n<p><strong><em><\/em><\/strong><span style=\"text-decoration: underline;\"><strong><em>Article 2 \u2013BUTS\u2013\u00a0:<\/em><\/strong><\/span><\/p>\n<p>L\u2019association KARABOUILLE a pour but :<\/p>\n<p>&#8211;\u00a0\u00a0\u00a0\u00a0\u00a0\u00a0\u00a0\u00a0 De cr\u00e9er sur la communaut\u00e9 de communes du Val Vert du Clain des modes de gardes souples favorisant l\u2019\u00e9veil de l\u2019enfant, et de loisirs pour la petite enfance, et des activit\u00e9s pouvant \u00eatre utiles \u00e0 leur famille.<\/p>\n<p>&#8211;\u00a0\u00a0\u00a0\u00a0\u00a0\u00a0\u00a0\u00a0 D\u2019exercer de fa\u00e7on g\u00e9n\u00e9rale toutes activit\u00e9s li\u00e9es indirectement ou directement \u00e0 l\u2019objet ci-dessus rappel\u00e9,<\/p>\n<p>&#8211;\u00a0\u00a0\u00a0\u00a0\u00a0\u00a0\u00a0\u00a0 D\u2019impliquer les parents dans les modes de garde gr\u00e2ce \u00e0 une meilleure connaissance des besoins de leurs enfants.<\/p>\n<p>&#8211;\u00a0\u00a0\u00a0\u00a0\u00a0\u00a0\u00a0\u00a0 De faire des modes de garde des centres d\u2019animation de la vie locale<\/p>\n<p>&#8211;\u00a0\u00a0\u00a0\u00a0\u00a0\u00a0\u00a0\u00a0 D\u2019aider les parents dans leur t\u00e2che \u00e9ducative en \u00e9tant un trait d\u2019union entre eux et les pouvoirs publics.<\/p>\n<p>&#8211;\u00a0\u00a0\u00a0\u00a0\u00a0\u00a0\u00a0\u00a0 De favoriser la parole entre parents et professionnels autour de l\u2019enfant, de ses relations et de son \u00e9volution.<\/p>\n<p>&#8211;\u00a0\u00a0\u00a0\u00a0\u00a0\u00a0\u00a0\u00a0 De valoriser la sp\u00e9cificit\u00e9 du m\u00e9tier de professionnel de la petite enfance dans la structure parentale et d\u00e9velopper l\u2019acc\u00e8s aux formations initiales et compl\u00e9mentaires ad\u00e9quates.<\/p>\n<p>&nbsp;<\/p>\n<p><span style=\"text-decoration: underline;\"><strong><em>Article 3 &#8211; SIEGE SOCIAL\u2013\u00a0:<\/em><\/strong><\/span><\/p>\n<p>Le si\u00e8ge social de l\u2019association est \u00e9tabli sur la commune de DISSAY, dans les locaux mis \u00e0 disposition rue des bouleaux \u00e0 DISSAY 86130.<\/p>\n<p>Il pourra \u00eatre transf\u00e9r\u00e9 sur simple d\u00e9cision du Conseil d\u2019Administration. La ratification par l\u2019Assembl\u00e9e G\u00e9n\u00e9rale sera n\u00e9cessaire sur simple d\u00e9cision du Conseil d\u2019Administration. La ratification par l\u2019Assembl\u00e9e G\u00e9n\u00e9rale sera n\u00e9cessaire si le transfert \u00e0 lieu dans une autre ville.<\/p>\n<p>&nbsp;<\/p>\n<p><span style=\"text-decoration: underline;\"><strong><em>Article 4 \u2013 DUREE DE L\u2019ASSOCIATION \u2013\u00a0:<\/em><\/strong><\/span><\/p>\n<p>La dur\u00e9e de l\u2019association est illimit\u00e9e.<\/p>\n<p><strong>\u00a0<\/strong><\/p>\n<p><strong><\/strong><span style=\"text-decoration: underline;\"><strong><em>Article 5 \u2013 COMPOSITION\u2013\u00a0:<\/em><\/strong><\/span><\/p>\n<p>L\u2019association se compose de personnes physiques et morales.<\/p>\n<p>Les membres sont\u00a0:<\/p>\n<p>&#8211;\u00a0\u00a0\u00a0\u00a0\u00a0\u00a0\u00a0\u00a0 membres d\u2019honneur<\/p>\n<p>&#8211;\u00a0\u00a0\u00a0\u00a0\u00a0\u00a0\u00a0\u00a0 membres bienfaiteurs<\/p>\n<p>&#8211;\u00a0\u00a0\u00a0\u00a0\u00a0\u00a0\u00a0\u00a0 membres de droit<\/p>\n<p>&#8211;\u00a0\u00a0\u00a0\u00a0\u00a0\u00a0\u00a0\u00a0 membres actifs<\/p>\n<p>&nbsp;<\/p>\n<p><span style=\"text-decoration: underline;\"><strong><em>Article 6 \u2013 Les membres :<\/em><\/strong><\/span><\/p>\n<p>L\u2019association est ouverte \u00e0 tous. Aucune demande d\u2019adh\u00e9sion ne peut \u00eatre refus\u00e9e en raison du sexe, de la situation de famille, de l\u2019appartenance \u00e0 une ethnie, une nation, des\u00a0 opinions politiques, adh\u00e9sions syndicales ou convictions religieuses.<\/p>\n<p>&#8211;\u00a0\u00a0\u00a0\u00a0\u00a0\u00a0\u00a0\u00a0 sont membres d\u2019honneur ceux qui ont rendu des services signal\u00e9s \u00e0 l\u2019association, ils sont dispens\u00e9es de cotisation.<\/p>\n<p>&#8211;\u00a0\u00a0\u00a0\u00a0\u00a0\u00a0\u00a0\u00a0 Sont\u00a0 membres bienfaiteurs les personnes qui versent une cotisation annuelle \u00e9gale ou sup\u00e9rieure \u00e0 celle fix\u00e9e par le Conseil d\u2019Administration sans \u00eatre usagers des modes de garde<\/p>\n<p>&#8211;\u00a0\u00a0\u00a0\u00a0\u00a0\u00a0\u00a0\u00a0 Sont membres de droit\u00a0: les repr\u00e9sentants des organismes publics ou semi-publics et les repr\u00e9sentants des associations participant au financement et au fonctionnement de l\u2019association.<\/p>\n<p>Sont ainsi membres de droit\u00a0:<\/p>\n<p>&#8211;\u00a0\u00a0\u00a0\u00a0\u00a0\u00a0\u00a0\u00a0 La Communaut\u00e9 de Communes du Val Vert du Clain<\/p>\n<p>&#8211;\u00a0\u00a0\u00a0\u00a0\u00a0\u00a0\u00a0\u00a0 La commune de Dissay<\/p>\n<p>&#8211;\u00a0\u00a0\u00a0\u00a0\u00a0\u00a0\u00a0\u00a0 Un repr\u00e9sentant des personnels salari\u00e9s de l\u2019Association KARABOUILLE.<\/p>\n<p>&#8211;\u00a0\u00a0\u00a0\u00a0\u00a0\u00a0\u00a0\u00a0 Un repr\u00e9sentant de la Protection Maternelle et Infantile.<\/p>\n<p>&#8211;\u00a0\u00a0\u00a0\u00a0\u00a0\u00a0\u00a0\u00a0 Sont membres actifs les personnes qui se sont acquitt\u00e9es de la cotisation annuelle \u00e0 l\u2019association dans la limite d\u2019une adh\u00e9sion par foyer fiscal\u00a0 et qui sont usagers du lieu Multi-accueil.<\/p>\n<p>&nbsp;<\/p>\n<p><span style=\"text-decoration: underline;\"><strong><em>Article 7 \u2013 ADMISSION des autres membres\u00a0:<\/em><\/strong><\/span><\/p>\n<p>Les membres d\u2019Honneur, les membres bienfaiteurs, les membres de droit sont propos\u00e9s par le Conseil d\u2019Administration, la d\u00e9cision d\u2019admission est soumise \u00e0 la ratification par vote de l\u2019Assembl\u00e9e G\u00e9n\u00e9rale.<\/p>\n<p>&nbsp;<\/p>\n<p>Chaque membre de l\u2019association prend l\u2019engagement de respecter les pr\u00e9sents statuts et le r\u00e8glement de l\u2019association qui leurs sont communiqu\u00e9s lors de l\u2019adh\u00e9sion.<\/p>\n<p>&nbsp;<\/p>\n<p>Le <strong>Bureau<\/strong> \u00e9tudie et accepte les demandes d\u2019adh\u00e9sions selon les r\u00e8gles institu\u00e9es par le r\u00e8glement Administratif.<\/p>\n<p>&nbsp;<\/p>\n<p>L\u2019acceptation ou le refus ne donnent lieu \u00e0 aucune motivation.<\/p>\n<p>&nbsp;<\/p>\n<p>Les personnes employ\u00e9es par l\u2019association ou leurs conjoints peuvent adh\u00e9rer \u00e0 l\u2019association selon les r\u00e8gles habituelles d\u2019adh\u00e9sion, toutefois, elles ne pourront exercer aucune fonction au sein du bureau ou du Conseil d\u2019Administration.<\/p>\n<p>&nbsp;<\/p>\n<p><span style=\"text-decoration: underline;\"><strong><em>Article 8\u2013 perte de la qualit\u00e9 de membre\u00a0:<\/em><\/strong><\/span><\/p>\n<p>La qualit\u00e9 de membre se perd par\u00a0:<\/p>\n<p>La d\u00e9mission<\/p>\n<p>Le d\u00e9c\u00e8s<\/p>\n<p>La radiation prononc\u00e9e par le Conseil d\u2019Administration pour non paiement de la cotisation annuelle ou des sommes dues au titre des prestations d\u2019accueil, pour non respect des statuts, ou pour non respect du r\u00e8glement int\u00e9rieur. Le Bureau invite l\u2019int\u00e9ress\u00e9, par lettre recommand\u00e9e, \u00e0 fournir des explications orales ou \u00e9crites sous quinze jours au Conseil d\u2019Administration qui statue lors de sa r\u00e9union suivante ou sur convocation du Pr\u00e9sident.<\/p>\n<p>&nbsp;<\/p>\n<p>&nbsp;<\/p>\n<p>&nbsp;<\/p>\n<p>&nbsp;<\/p>\n<p><span style=\"text-decoration: underline;\"><strong><em>Article 9\u2013 RESPONSABILITE\u00a0:<\/em><\/strong><\/span><\/p>\n<p>La responsabilit\u00e9 personnelle des membres ne saurait \u00eatre engag\u00e9e \u00e0 raison des d\u00e9cisions et des engagements souscrits par l\u2019association. L\u2019association KARABOUILLE r\u00e9pond de ses engagements sur son patrimoine.<\/p>\n<p><strong>\u00a0<\/strong><\/p>\n<p><span style=\"text-decoration: underline;\"><strong><em>Article 10 \u2013 CONSEIL D\u2019ADMINISTRATION\u00a0:<\/em> <\/strong><\/span><\/p>\n<p>Il est institu\u00e9 un Conseil d\u2019Administration.<\/p>\n<p>Le Conseil d\u2019Administration dirige et administre l\u2019association.<\/p>\n<p>Les membres de ce conseil se r\u00e9partissent en 2 coll\u00e8ges\u00a0:<\/p>\n<p>&#8211;\u00a0\u00a0\u00a0\u00a0\u00a0\u00a0\u00a0\u00a0 Le coll\u00e8ge des membres actifs repr\u00e9sente au moins 2\/3 des si\u00e8ges des pr\u00e9sents au Conseil d&rsquo;administration avec voix d\u00e9lib\u00e9ratives<\/p>\n<p>&#8211;\u00a0\u00a0\u00a0\u00a0\u00a0\u00a0\u00a0\u00a0 Le coll\u00e8ge des autres membres ne peut repr\u00e9senter plus du tiers des pr\u00e9sents au Conseil d&rsquo;administration en r\u00e9servant obligatoirement un si\u00e8ge aux membres de droit avec voix d\u00e9lib\u00e9rative et un si\u00e8ge aux d\u00e9l\u00e9gu\u00e9s du personnel avec voix d\u00e9lib\u00e9rative.<\/p>\n<p>Les membres du Conseil d\u2019Administration repr\u00e9sentants le coll\u00e8ge des membres actifs sont \u00e9lus jusqu&rsquo;\u00e0 la tenue de l\u2019Assembl\u00e9e G\u00e9n\u00e9rale annuelle. Ces membres sont r\u00e9\u00e9ligibles.<\/p>\n<p>Les autres membres d\u00e9signent leurs repr\u00e9sentants<\/p>\n<p>De nouveaux membres actifs peuvent int\u00e9grer le Conseil d\u2019Administration apr\u00e8s vote et approbation de celui-ci, en cours d&rsquo;ann\u00e9e.<\/p>\n<p>Nul ne peut faire partie du Conseil d\u2019Administration s\u2019il\u00a0 n\u2019est majeur ou \u00e9mancip\u00e9.<\/p>\n<p>Le Conseil d\u2019Administration repr\u00e9sente l\u2019association en toute circonstance et dispose des pleins pouvoirs dans la limite du mandat qui lui est donn\u00e9 par l\u2019Assembl\u00e9e G\u00e9n\u00e9rale.<\/p>\n<p>Il peut d\u00e9l\u00e9guer ses pouvoirs \u00e0 l\u2019un de ses membres.<\/p>\n<p>Il peut mandater une personne physique non membre du Conseil d\u2019Administration.<\/p>\n<p>La signature des actes d\u2019administration est d\u00e9l\u00e9gu\u00e9e en permanence \u00e0 au moins deux de ses membres.<\/p>\n<p>Il proc\u00e8de aux modifications du r\u00e8glement int\u00e9rieur de l\u2019association.<\/p>\n<p>Aucune d\u00e9cision ne peut valablement \u00eatre prise par la Conseil d\u2019Administration si au moins 2\/3 des ses membres ne sont pr\u00e9sents lors de l\u2019ouverture de la session.<\/p>\n<p>Le pr\u00e9sident et le secr\u00e9taire de l\u2019association v\u00e9rifient les pouvoirs et le quorum<\/p>\n<p>Les d\u00e9cisions sont prises \u00e0 la majorit\u00e9 simple des voies exprim\u00e9es par les membres pr\u00e9sents ou repr\u00e9sent\u00e9s. Un membre ne peut \u00eatre porteur de plus de trois procurations pour le vote des d\u00e9cisions. Le vote par correspondance n\u2019est pas admis.<\/p>\n<p>Si le quorum n&rsquo;est pas r\u00e9uni, un nouveau CA est convoqu\u00e9 selon les r\u00e8gles normales, ses d\u00e9cisions ne sont pas soumises \u00e0 quorum.<\/p>\n<p>En cas de partage des voix\u00a0 la voix du Pr\u00e9sident de l\u2019association ou de son repr\u00e9sentant d\u00e9sign\u00e9 est pr\u00e9pond\u00e9rante.<\/p>\n<p>Le Conseil d\u2019Administration peut convoquer une Assembl\u00e9e G\u00e9n\u00e9rale Extraordinaire si un quart de ses membres en formule la demande.<\/p>\n<p>Le Conseil d\u2019Administration choisit pour un an parmi les membres du coll\u00e8ge des membres actifs un Bureau compos\u00e9 au minimum de\u00a0:<\/p>\n<p style=\"text-align: center;\">Un(e) pr\u00e9sident(e) &#8211;\u00a0\u00a0\u00a0\u00a0 Un(e) secr\u00e9taire &#8211;\u00a0 Un(e) tr\u00e9sorier(e)<\/p>\n<p>\u00a0chacun de ces postes peut-\u00eatre doubl\u00e9s.<\/p>\n<p>&nbsp;<\/p>\n<p><span style=\"text-decoration: underline;\"><strong><em>Article 11 \u2013 BUREAU DE L\u2019ASSOCIATION :<\/em><\/strong><\/span><\/p>\n<p>Le pr\u00e9sident repr\u00e9sente l\u2019association dans tous les actes courants de la vie civile. Il a notamment la signature des actes administratifs.<\/p>\n<p>Il convoque et pr\u00e9side les r\u00e9unions des diff\u00e9rents organes de l\u2019association.<\/p>\n<p>Il repr\u00e9sente l\u2019association en justice et dispose de la capacit\u00e9 d\u2019ester au nom de l\u2019association.<\/p>\n<p>Il veille au bon fonctionnement de l\u2019association et \u00e0 l\u2019observation des dispositions statutaires et r\u00e9glementaires.<\/p>\n<p>Le tr\u00e9sorier ou les co-tr\u00e9soriers tiennent les comptes de l\u2019association. Il tient une comptabilit\u00e9 r\u00e9guli\u00e8re et rend compte \u00e0 l\u2019Assembl\u00e9e G\u00e9n\u00e9rale annuelle qui statue sur la gestion.<\/p>\n<p>Pour toute d\u00e9pense ordonn\u00e9e par un repr\u00e9sentant de l\u2019association et exc\u00e9dant une somme fix\u00e9e par le Conseil d\u2019Administration, le Tr\u00e9sorier ou le co-tr\u00e9sorier doit informer et obtenir l\u2019accord pr\u00e9alable du Conseil d\u2019Administration avant de proc\u00e9der \u00e0 la d\u00e9pense. Cette fonction ne peut \u00eatre d\u00e9l\u00e9gu\u00e9e.<\/p>\n<p>Le secr\u00e9taire ou les co-secr\u00e9taires sont charg\u00e9s de tout ce qui concerne la correspondance. Ils r\u00e9digent les proc\u00e8s verbaux des s\u00e9ances du Conseil d\u2019Administration et des Assembl\u00e9es G\u00e9n\u00e9rales. Ils s\u2019assurent de la conservation des d\u00e9cisions prises par les diff\u00e9rents organes.<\/p>\n<p>Le bureau est comp\u00e9tent exclusivement pour d\u00e9cider des modifications des contrats de travail des personnels salari\u00e9s, des licenciements et des embauches en contrat de travail.<\/p>\n<p>&nbsp;<\/p>\n<p><strong><em><span style=\"text-decoration: underline;\">Article 12 &#8211; Assembl\u00e9e G\u00e9n\u00e9rale ordinaire :<\/span><\/em><\/strong><\/p>\n<p>L\u2019Assembl\u00e9e G\u00e9n\u00e9rale ordinaire r\u00e9unit tous les membres de l\u2019association \u00e0 jour de leur cotisation.<\/p>\n<p>Elle se r\u00e9unit tous les ans sur convocation du pr\u00e9sident.<\/p>\n<p>Quinze jour avant la date fix\u00e9e les membres de l\u2019association sont convoqu\u00e9s par le ou les co-secr\u00e9taires.<\/p>\n<p>L\u2019ordre du jour est indiqu\u00e9 sur la convocation.<\/p>\n<p>Le pr\u00e9sident assist\u00e9 des membres du Conseil d\u2019Administration pr\u00e9side l\u2019Assembl\u00e9e G\u00e9n\u00e9rale et expose la situation morale de l\u2019association.<\/p>\n<p>L\u2019Assembl\u00e9e G\u00e9n\u00e9rale statue souverainement notamment sur\u00a0:<\/p>\n<p>Le rapport moral du Pr\u00e9sident<\/p>\n<p>Le bilan financier du Tr\u00e9sorier<\/p>\n<p>Les projets d\u2019activit\u00e9 et les projets financiers<\/p>\n<p>Le montant des cotisations<\/p>\n<p>La nomination des membres d\u2019honneur et bienfaiteurs<\/p>\n<p>Le transfert du si\u00e8ge social.<\/p>\n<p>Il est proc\u00e9d\u00e9 apr\u00e8s \u00e9puisement de l\u2019ordre du jour au remplacement des membres du Conseil d\u2019Administration.<\/p>\n<p>Elle peut seule proc\u00e9der aux op\u00e9rations de nature immobili\u00e8re et \u00e0 la souscription d\u2019emprunts au nom de l\u2019association.<\/p>\n<p>Aucune d\u00e9cision ne peut valablement \u00eatre prise par l\u2019Assembl\u00e9e G\u00e9n\u00e9rale si au moins 2\/3 de ses membres ne sont pr\u00e9sents lors de l\u2019ouverture de la session.<\/p>\n<p>Le pr\u00e9sident et le secr\u00e9taire de l\u2019association v\u00e9rifient les pouvoirs et le quorum. Si le quorum n\u2019est pas r\u00e9uni une nouvelle AG est convoqu\u00e9e selon les r\u00e8gles normales, ses d\u00e9cisions ne sont pas soumises \u00e0 quorum.<\/p>\n<p>Les d\u00e9cisions sont prises \u00e0 la majorit\u00e9 simple des voies exprim\u00e9es des membres actifs ou de droit pr\u00e9sents ou repr\u00e9sent\u00e9s. Les autres membres ont voie consultative. Un membre ne peut \u00eatre porteur de plus de trois procurations pour le vote des d\u00e9cisions. Le vote par correspondance n\u2019est pas admis.<\/p>\n<p>En cas de partage des voix la voix du Pr\u00e9sident de l\u2019association ou de son repr\u00e9sentant d\u00e9sign\u00e9 est pr\u00e9pond\u00e9rante.<\/p>\n<p>&nbsp;<\/p>\n<p><span style=\"text-decoration: underline;\"><strong><em>Article 13 \u2013 Assembl\u00e9e G\u00e9n\u00e9rale Extraordinaire :<\/em><\/strong><\/span><\/p>\n<p>Il pourra \u00eatre tenu une Assembl\u00e9e G\u00e9n\u00e9rale Extraordinaire chaque fois que le Conseil d\u2019Administration le jugera n\u00e9cessaire, ou sur demande de la moiti\u00e9 des membres actifs.<\/p>\n<p>L\u2019Assembl\u00e9e G\u00e9n\u00e9rale Extraordinaire peut modifier les statuts, elle peut \u00e9galement d\u00e9cider de la dissolution de l\u2019association.<\/p>\n<p>Elle est soumise aux m\u00eames conditions de vote que l\u2019Assembl\u00e9e G\u00e9n\u00e9rale.<\/p>\n<p><strong>\u00a0<\/strong><\/p>\n<p><strong>\u00a0<\/strong><span style=\"text-decoration: underline;\"><strong><em>Article 14 \u2013 RESSOURCES :<\/em><\/strong><\/span><\/p>\n<p>Les ressources de l\u2019association proviennent\u00a0:<\/p>\n<p>De la r\u00e9mun\u00e9ration des prestations offertes aux adh\u00e9rents.<\/p>\n<p>Des prestations de services vers\u00e9es par les organismes sociaux locaux, nationaux ou internationaux comp\u00e9tents.<\/p>\n<p>Des subventions des collectivit\u00e9s locales, de l\u2019Etat ou toute autre collectivit\u00e9 publique.<\/p>\n<p>Des cotisations des adh\u00e9rents.<\/p>\n<p>Des capitaux provenant des \u00e9conomies r\u00e9alis\u00e9es sur le budget annuel de l\u2019association.<\/p>\n<p>Des revenus et int\u00e9r\u00eats des biens et capitaux appartenant \u00e0 l\u2019association<\/p>\n<p>Des produits exceptionnels des manifestations organis\u00e9es par l\u2019association<\/p>\n<p>Des dons manuels qui peuvent lui \u00eatre accord\u00e9s et plus g\u00e9n\u00e9ralement de toutes les ressources que la loi n\u2019interdit pas.<\/p>\n<p>&nbsp;<\/p>\n<p><span style=\"text-decoration: underline;\"><strong><em>Article 15 \u2013 comptabilit\u00e9 :<\/em><\/strong><\/span><\/p>\n<p>Il est tenu au jour le jour une comptabilit\u00e9 en recette et d\u00e9penses pour l\u2019enregistrement de toutes les op\u00e9rations financi\u00e8res.<\/p>\n<p>&nbsp;<\/p>\n<p><span style=\"text-decoration: underline;\"><strong><em>Article 16 \u2013 Dissolution :<\/em><\/strong><\/span><\/p>\n<p>La dissolution est prononc\u00e9e \u00e0 la demande du Conseil d\u2019Administration par l\u2019Assembl\u00e9e G\u00e9n\u00e9rale Extraordinaire convoqu\u00e9e sp\u00e9cialement \u00e0 cet effet. Pour la validit\u00e9 des d\u00e9cisions, l\u2019Assembl\u00e9e G\u00e9n\u00e9rale doit comprendre au moins la moiti\u00e9 plus un des membres ayant droit de vote.<\/p>\n<p>Si cette proportion n\u2019est pas atteinte, l\u2019assembl\u00e9e est convoqu\u00e9e a nouveau \u00e0 quinze jours d\u2019intervalle, elle peut alors d\u00e9lib\u00e9rer quelque soit le nombre de membres pr\u00e9sents.<\/p>\n<p>Pour \u00eatre valable la d\u00e9cision de dissolution requiert l\u2019accord des deux tiers des membres pr\u00e9sents. La repr\u00e9sentation n\u2019est pas autoris\u00e9e, ni plus que le vote par correspondance.<\/p>\n<p>&nbsp;<\/p>\n<p><span style=\"text-decoration: underline;\"><strong><em>Article 17 \u2013 D\u00e9volution des biens :<\/em><\/strong><\/span><\/p>\n<p>En cas de dissolution, l\u2019actif de l\u2019association sera transf\u00e9r\u00e9 s\u2019il y a lieu, conform\u00e9ment \u00e0 l\u2019article 9 de la loi du 1<sup>er<\/sup> juillet 1901 et au d\u00e9cret du 16 ao\u00fbt 1901.<\/p>\n<p>&nbsp;<\/p>\n<p><span style=\"text-decoration: underline;\"><strong><em>Article 18\u00a0 \u2013 convocation des organes :<\/em><\/strong><\/span><\/p>\n<p>Sauf obligation l\u00e9gale ou disposition statutaire sp\u00e9ciale les diff\u00e9rents organes de l\u2019association sont convoqu\u00e9s par d\u00e9cision du pr\u00e9sident de l\u2019association :<\/p>\n<p>La convocation se fait par voie d\u2019affichage et par \u00e9crit et\/ou courriel, dans les locaux occup\u00e9s par l\u2019association. La convocation porte la date d&rsquo;affichage, la date de convocation, l\u2019ordre du jour provisoire, elle est sign\u00e9e du pr\u00e9sident ou de son repr\u00e9sentant d\u00e9sign\u00e9.<\/p>\n<p>Le d\u00e9lai entre l\u2019affichage et la r\u00e9union ne peut \u00eatre inf\u00e9rieur \u00e0 cinq jours ouvr\u00e9s francs entre la date d\u2019affichage et la tenue de la r\u00e9union.<\/p>\n<p>Les membres de l\u2019association sont r\u00e9put\u00e9s inform\u00e9s de la tenue de la r\u00e9union et de leur convocation.<\/p>\n<p>Les membres de droits sont inform\u00e9s par courrier et\/ou courriel de la tenue des r\u00e9unions du Conseil d\u2019Administration et des Assembl\u00e9es G\u00e9n\u00e9rales.<\/p>\n","protected":false},"excerpt":{"rendered":"<p>Date\u00a0: \u00a0 23\/06\/11 Article 1 \u2013DENOMINATION Il est constitu\u00e9 une association d\u00e9nomm\u00e9e KARABOUILLE. L\u2019association est form\u00e9e par deux composantes d\u00e9nomm\u00e9es \u00ab\u00a0Pic et Pic\u00a0\u00bb et \u00ab\u00a0Col\u00e9gram\u00a0\u00bb. L\u2019association est constitu\u00e9e et r\u00e9gie par la loi du 1er Juillet 1901 sur la libert\u00e9 d\u2019association. \u00a0 Article 2 \u2013BUTS\u2013\u00a0: L\u2019association KARABOUILLE a pour but : &#8211;\u00a0\u00a0\u00a0\u00a0\u00a0\u00a0\u00a0\u00a0 De cr\u00e9er sur [&hellip;]<\/p>\n","protected":false},"author":1,"featured_media":0,"parent":3,"menu_order":5,"comment_status":"closed","ping_status":"open","template":"","meta":{"jetpack_post_was_ever_published":false,"footnotes":""},"class_list":["post-27","page","type-page","status-publish","hentry"],"jetpack_shortlink":"https:\/\/wp.me\/P1VzF5-r","jetpack_sharing_enabled":true,"_links":{"self":[{"href":"http:\/\/karabouille.com\/creche\/wp-json\/wp\/v2\/pages\/27","targetHints":{"allow":["GET"]}}],"collection":[{"href":"http:\/\/karabouille.com\/creche\/wp-json\/wp\/v2\/pages"}],"about":[{"href":"http:\/\/karabouille.com\/creche\/wp-json\/wp\/v2\/types\/page"}],"author":[{"embeddable":true,"href":"http:\/\/karabouille.com\/creche\/wp-json\/wp\/v2\/users\/1"}],"replies":[{"embeddable":true,"href":"http:\/\/karabouille.com\/creche\/wp-json\/wp\/v2\/comments?post=27"}],"version-history":[{"count":6,"href":"http:\/\/karabouille.com\/creche\/wp-json\/wp\/v2\/pages\/27\/revisions"}],"predecessor-version":[{"id":228,"href":"http:\/\/karabouille.com\/creche\/wp-json\/wp\/v2\/pages\/27\/revisions\/228"}],"up":[{"embeddable":true,"href":"http:\/\/karabouille.com\/creche\/wp-json\/wp\/v2\/pages\/3"}],"wp:attachment":[{"href":"http:\/\/karabouille.com\/creche\/wp-json\/wp\/v2\/media?parent=27"}],"curies":[{"name":"wp","href":"https:\/\/api.w.org\/{rel}","templated":true}]}}