{"id":2183,"date":"0218-05-21T19:09:41","date_gmt":"1969-12-31T22:00:00","guid":{"rendered":"http:\/\/karabouille.com\/creche\/?page_id=2183"},"modified":"2024-04-02T11:44:30","modified_gmt":"2024-04-02T09:44:30","slug":"planning-des-evenements-et-reunions","status":"publish","type":"page","link":"http:\/\/karabouille.com\/creche\/planning-des-evenements-et-reunions\/","title":{"rendered":"Planning des fermetures annuelles"},"content":{"rendered":"<p><strong><u>Fermetures 2023\/24<\/u><\/strong><\/p>\n<p>(Vot\u00e9es au CA d\u2019avril 2023)<\/p>\n<ul style=\"list-style-type: disc;\">\n<li>Du lundi 26 f\u00e9vrier au vendredi 1er mars 2024 inclus<\/li>\n<li>Du lundi 22 avril au vendredi 26 avril 2024 inclus<\/li>\n<li>Les 9 et 10 mai 2024 pour le pont de l\u2019Ascension<\/li>\n<li>Du lundi 29 juillet au vendredi 16 ao\u00fbt 2024 inclus<\/li>\n<li>Les 19 et 20 ao\u00fbt 2024, journ\u00e9es p\u00e9dagogiques<\/li>\n<\/ul>\n<p>+&#8212;&#8212;&#8212;&#8212;&#8212;&#8212;&#8212;&#8212;&#8212;&#8212;&#8212;&#8212;&#8212;&#8212;&#8212;&#8212;&#8212;&#8212;&#8212;&#8212;&#8212;&#8212;&#8212;&#8212;&#8212;&#8212;&#8212;&#8212;&#8212;&#8212;&#8212;&#8212;&#8212;&#8212;&#8212;&#8212;-+<\/p>\n<p><strong><u>Fermetures 2022\/23<\/u><\/strong><\/p>\n<p>(Vot\u00e9es au CA d\u2019avril 2022)<\/p>\n<p>Lundi 6 au vendredi 10 f\u00e9vrier 2023 inclus (1<sup>\u00e8re<\/sup> semaine des vacances scolaires)<\/p>\n<p>Lundi 10 avril 2023 (F\u00e9ri\u00e9 : Lundi de P\u00e2ques)<\/p>\n<p>Lundi 17 au vendredi 21 avril 2023 inclus (2<sup>i\u00e8me<\/sup> \u00a0semaine des vacances scolaires)<\/p>\n<p>Lundi 1er et Lundi 8 mai 2023 inclus<\/p>\n<p>Jeudi 18 et vendredi 19 mai 2023 (Pont Ascension)<\/p>\n<p>Lundi 29 mai 2023 (Pentec\u00f4te : jour f\u00e9ri\u00e9 selon Convention ALISFA)<\/p>\n<p>Vendredi 14 juillet 2023 (F\u00e9ri\u00e9 : F\u00eate nationale)<\/p>\n<p>Lundi 31 juillet au vendredi 18 ao\u00fbt 2023 inclus (Fermeture d\u2019\u00e9t\u00e9)<\/p>\n<p>Lundi 21 ao\u00fbt 2023 : Journ\u00e9e p\u00e9dagogique (Pour l\u2019\u00e9quipe \u00e9ducative)<\/p>\n<p>Mardi 22 ao\u00fbt 2023 : R\u00e9ouverture aux familles<\/p>\n<p>Mercredi 1<sup>er<\/sup> novembre 2023 (F\u00e9ri\u00e9 Toussaint)<\/p>\n<p>Lundi 25 d\u00e9cembre 2023 au lundi 1<sup>er<\/sup> janvier 2024 inclus (2<sup>i\u00e8me<\/sup> \u00a0semaine des vacances scolaires)<\/p>\n<p>+&#8212;&#8212;&#8212;&#8212;&#8212;&#8212;&#8212;&#8212;&#8212;&#8212;&#8212;&#8212;&#8212;&#8212;&#8212;&#8212;&#8212;&#8212;&#8212;&#8212;&#8212;&#8212;&#8212;&#8212;&#8212;&#8212;&#8212;&#8212;&#8212;&#8212;&#8212;&#8212;&#8212;&#8212;&#8212;&#8212;-+<\/p>\n<p><strong><u>Fermetures 2022<\/u><\/strong><\/p>\n<p>(Vot\u00e9es au CA d\u2019avril 2021)<\/p>\n<p>Jeudi 14 juillet 2022 (F\u00e9ri\u00e9 : F\u00eate nationale)<\/p>\n<p>Lundi 25 juillet au vendredi 12 ao\u00fbt 2022 inclus (Fermeture d\u2019\u00e9t\u00e9)<\/p>\n<p>Mardi 16 ao\u00fbt 2022 : Journ\u00e9e p\u00e9dagogique (Pour l\u2019\u00e9quipe \u00e9ducative)<\/p>\n<p>Mercredi 17 ao\u00fbt 2022 : R\u00e9ouverture aux familles<\/p>\n<p>Lundi 31 octobre et mardi 1<sup>er<\/sup> novembre 2022 (Pont + F\u00e9ri\u00e9 Toussaint)<\/p>\n<p>Vendredi 11 novembre 2022 (F\u00e9ri\u00e9)<\/p>\n<p>Lundi 26 au vendredi 30 d\u00e9cembre 2022 inclus (2<sup>i\u00e8me<\/sup> \u00a0semaine des vacances scolaires)<\/p>\n","protected":false},"excerpt":{"rendered":"<p>Fermetures 2023\/24 (Vot\u00e9es au CA d\u2019avril 2023) Du lundi 26 f\u00e9vrier au vendredi 1er mars 2024 inclus Du lundi 22 avril au vendredi 26 avril 2024 inclus Les 9 et 10 mai 2024 pour le pont de l\u2019Ascension Du lundi 29 juillet au vendredi 16 ao\u00fbt 2024 inclus Les 19 et 20 ao\u00fbt 2024, journ\u00e9es [&hellip;]<\/p>\n","protected":false},"author":1,"featured_media":0,"parent":0,"menu_order":0,"comment_status":"closed","ping_status":"closed","template":"","meta":{"jetpack_post_was_ever_published":false,"footnotes":""},"class_list":["post-2183","page","type-page","status-publish","hentry"],"jetpack_shortlink":"https:\/\/wp.me\/P1VzF5-zd","jetpack_sharing_enabled":true,"_links":{"self":[{"href":"http:\/\/karabouille.com\/creche\/wp-json\/wp\/v2\/pages\/2183","targetHints":{"allow":["GET"]}}],"collection":[{"href":"http:\/\/karabouille.com\/creche\/wp-json\/wp\/v2\/pages"}],"about":[{"href":"http:\/\/karabouille.com\/creche\/wp-json\/wp\/v2\/types\/page"}],"author":[{"embeddable":true,"href":"http:\/\/karabouille.com\/creche\/wp-json\/wp\/v2\/users\/1"}],"replies":[{"embeddable":true,"href":"http:\/\/karabouille.com\/creche\/wp-json\/wp\/v2\/comments?post=2183"}],"version-history":[{"count":15,"href":"http:\/\/karabouille.com\/creche\/wp-json\/wp\/v2\/pages\/2183\/revisions"}],"predecessor-version":[{"id":3684,"href":"http:\/\/karabouille.com\/creche\/wp-json\/wp\/v2\/pages\/2183\/revisions\/3684"}],"wp:attachment":[{"href":"http:\/\/karabouille.com\/creche\/wp-json\/wp\/v2\/media?parent=2183"}],"curies":[{"name":"wp","href":"https:\/\/api.w.org\/{rel}","templated":true}]}}