{"id":16,"date":"2009-07-12T13:38:41","date_gmt":"2009-07-12T11:38:41","guid":{"rendered":"http:\/\/www.amstramgram-dissay.fr\/creche\/?page_id=16"},"modified":"2023-09-30T12:27:34","modified_gmt":"2023-09-30T10:27:34","slug":"fonctionnement","status":"publish","type":"page","link":"http:\/\/karabouille.com\/creche\/la-creche\/fonctionnement\/","title":{"rendered":"Fonctionnement"},"content":{"rendered":"<p><strong>Karabouille<\/strong> est une association qui a cr\u00e9\u00e9 2 multi-accueils \u00e0 gestion parentale (1 bureau commun aux 2 structures donc CA et AG communes), \u00e0 but non lucratif (loi du 01\/07\/1901), les structures ont \u00e9t\u00e9 rattach\u00e9es \u00e0 la communaut\u00e9 de communes en 1998.<\/p>\n<p>Les multi-accueils fonctionnent conform\u00e9ment :<br \/>\n<strong>Aux dispositions des d\u00e9crets :<\/strong><\/p>\n<ul>\n<li>n\u00b02000-762 du 1er Ao\u00fbt 2000 relatif aux \u00e9tablissements et services d\u2019accueil des enfants de moins de 6 ans<\/li>\n<li>n\u00b0 2007-230 du 20 f\u00e9vrier 2007<\/li>\n<li>n\u00b0 2010-613 du 7 juin 2010<\/li>\n<\/ul>\n<p>Aux instructions en vigueur de la Caisse d\u2019Allocations Familiales, toute modification \u00e9tant applicable,<br \/>\nAux statuts de l\u2019association ainsi qu\u2019aux dispositions du r\u00e8glement ci-apr\u00e8s, commun aux 2 structures.<br \/>\nLes parents s&rsquo;engagent b\u00e9n\u00e9volement \u00e0 assurer la gestion administrative : responsabilit\u00e9 d&#8217;employeurs en collaboration avec la direction.<\/p>\n<p><strong>Chaque famille doit :<\/strong><\/p>\n<ul>\n<li>participer \u00e0 l\u2019Assembl\u00e9e G\u00e9n\u00e9rale annuelle (un vote par famille),<\/li>\n<li>faire partie d\u2019une commission ou du bureau,<\/li>\n<li>se tenir inform\u00e9 en lisant les tableaux d\u2019affichage,<\/li>\n<li>participer au grand m\u00e9nage au moins deux fois par an<\/li>\n<li>tenir un poste (bricolage, pliage du linge, couture,\u2026), faire partie d\u2019une commission (photos, journal, site internet \u2026) ou du bureau (pr\u00e9sident, tr\u00e9sorier, secr\u00e9taire)<\/li>\n<\/ul>\n<p><strong>En plus de ces obligations, chaque famille pourra si elle le souhaite :<\/strong><\/p>\n<ul>\n<li>Participer aux activit\u00e9s des enfants et aux sorties<\/li>\n<li>Participer aux conseils d\u2019administration<\/li>\n<\/ul>\n<p><a href=\"http:\/\/karabouille.com\/creche\/wp-content\/uploads\/2023\/09\/R\u00e8glement-fonctionnement-vot\u00e9-au-CA-du-11.10.2022.pdf\">R\u00e8glement int\u00e9rieur Karabouille vot\u00e9 le 11\/10\/2022<\/a><\/p>\n","protected":false},"excerpt":{"rendered":"<p>Karabouille est une association qui a cr\u00e9\u00e9 2 multi-accueils \u00e0 gestion parentale (1 bureau commun aux 2 structures donc CA et AG communes), \u00e0 but non lucratif (loi du 01\/07\/1901), les structures ont \u00e9t\u00e9 rattach\u00e9es \u00e0 la communaut\u00e9 de communes en 1998. Les multi-accueils fonctionnent conform\u00e9ment : Aux dispositions des d\u00e9crets : n\u00b02000-762 du 1er [&hellip;]<\/p>\n","protected":false},"author":1,"featured_media":0,"parent":3,"menu_order":0,"comment_status":"closed","ping_status":"open","template":"","meta":{"jetpack_post_was_ever_published":false,"footnotes":""},"class_list":["post-16","page","type-page","status-publish","hentry"],"jetpack_shortlink":"https:\/\/wp.me\/P1VzF5-g","jetpack_sharing_enabled":true,"_links":{"self":[{"href":"http:\/\/karabouille.com\/creche\/wp-json\/wp\/v2\/pages\/16","targetHints":{"allow":["GET"]}}],"collection":[{"href":"http:\/\/karabouille.com\/creche\/wp-json\/wp\/v2\/pages"}],"about":[{"href":"http:\/\/karabouille.com\/creche\/wp-json\/wp\/v2\/types\/page"}],"author":[{"embeddable":true,"href":"http:\/\/karabouille.com\/creche\/wp-json\/wp\/v2\/users\/1"}],"replies":[{"embeddable":true,"href":"http:\/\/karabouille.com\/creche\/wp-json\/wp\/v2\/comments?post=16"}],"version-history":[{"count":8,"href":"http:\/\/karabouille.com\/creche\/wp-json\/wp\/v2\/pages\/16\/revisions"}],"predecessor-version":[{"id":3630,"href":"http:\/\/karabouille.com\/creche\/wp-json\/wp\/v2\/pages\/16\/revisions\/3630"}],"up":[{"embeddable":true,"href":"http:\/\/karabouille.com\/creche\/wp-json\/wp\/v2\/pages\/3"}],"wp:attachment":[{"href":"http:\/\/karabouille.com\/creche\/wp-json\/wp\/v2\/media?parent=16"}],"curies":[{"name":"wp","href":"https:\/\/api.w.org\/{rel}","templated":true}]}}